{"id":118,"date":"2025-09-10T09:12:37","date_gmt":"2025-09-10T09:12:37","guid":{"rendered":"http:\/\/talent-business-school.fr\/?page_id=118"},"modified":"2025-09-10T09:14:06","modified_gmt":"2025-09-10T09:14:06","slug":"notre-site-arrive-bientot","status":"publish","type":"page","link":"https:\/\/talent-business-school.fr\/","title":{"rendered":"Notre site arrive bient\u00f4t !"},"content":{"rendered":"\t\t<div data-elementor-type=\"wp-page\" data-elementor-id=\"118\" class=\"elementor elementor-118\" data-elementor-post-type=\"page\">\n\t\t\t\t<div class=\"elementor-element elementor-element-990ca46 e-con-full e-flex e-con e-parent\" data-id=\"990ca46\" data-element_type=\"container\" data-settings=\"{&quot;background_background&quot;:&quot;classic&quot;}\">\n\t\t\t\t<div class=\"elementor-element elementor-element-8f39752 elementor-widget elementor-widget-image\" data-id=\"8f39752\" data-element_type=\"widget\" data-widget_type=\"image.default\">\n\t\t\t\t\t\t\t\t\t\t\t\t\t\t\t<img fetchpriority=\"high\" decoding=\"async\" width=\"1000\" height=\"213\" src=\"https:\/\/talent-business-school.fr\/wp-content\/uploads\/2025\/09\/Fichier-41@2x-8-1024x218.png\" class=\"attachment-large size-large wp-image-14\" alt=\"\" srcset=\"https:\/\/talent-business-school.fr\/wp-content\/uploads\/2025\/09\/Fichier-41@2x-8-1024x218.png 1024w, https:\/\/talent-business-school.fr\/wp-content\/uploads\/2025\/09\/Fichier-41@2x-8-300x64.png 300w, https:\/\/talent-business-school.fr\/wp-content\/uploads\/2025\/09\/Fichier-41@2x-8-768x163.png 768w, https:\/\/talent-business-school.fr\/wp-content\/uploads\/2025\/09\/Fichier-41@2x-8-1536x327.png 1536w, https:\/\/talent-business-school.fr\/wp-content\/uploads\/2025\/09\/Fichier-41@2x-8-2048x436.png 2048w, https:\/\/talent-business-school.fr\/wp-content\/uploads\/2025\/09\/Fichier-41@2x-8-650x138.png 650w\" sizes=\"(max-width: 1000px) 100vw, 1000px\" \/>\t\t\t\t\t\t\t\t\t\t\t\t\t\t\t<\/div>\n\t\t\t\t<div class=\"elementor-element elementor-element-40e90ef0 elementor-widget elementor-widget-spacer\" data-id=\"40e90ef0\" data-element_type=\"widget\" data-widget_type=\"spacer.default\">\n\t\t\t\t\t\t\t<div class=\"elementor-spacer\">\n\t\t\t<div class=\"elementor-spacer-inner\"><\/div>\n\t\t<\/div>\n\t\t\t\t\t\t<\/div>\n\t\t\t\t<div class=\"elementor-element elementor-element-25b5ad8a elementor-widget elementor-widget-heading\" data-id=\"25b5ad8a\" data-element_type=\"widget\" data-widget_type=\"heading.default\">\n\t\t\t\t\t<h2 class=\"elementor-heading-title elementor-size-default\">Notre site arrive bient\u00f4t !<\/h2>\t\t\t\t<\/div>\n\t\t\t\t<div class=\"elementor-element elementor-element-3283c887 elementor-widget elementor-widget-spacer\" data-id=\"3283c887\" data-element_type=\"widget\" data-widget_type=\"spacer.default\">\n\t\t\t\t\t\t\t<div class=\"elementor-spacer\">\n\t\t\t<div class=\"elementor-spacer-inner\"><\/div>\n\t\t<\/div>\n\t\t\t\t\t\t<\/div>\n\t\t\t\t<div class=\"elementor-element elementor-element-67824c13 elementor-widget elementor-widget-text-editor\" data-id=\"67824c13\" data-element_type=\"widget\" data-widget_type=\"text-editor.default\">\n\t\t\t\t\t\t\t\t\t<p><strong>Soyez les premiers inform\u00e9s du lancement !<br \/><\/strong>Laissez-nous votre email et nous vous pr\u00e9viendrons d\u00e8s la mise en ligne.<\/p>\t\t\t\t\t\t\t\t<\/div>\n\t\t\t\t<div class=\"elementor-element elementor-element-2bc4c36a elementor-button-align-center elementor-widget__width-initial elementor-widget elementor-widget-form\" data-id=\"2bc4c36a\" data-element_type=\"widget\" data-settings=\"{&quot;button_width&quot;:&quot;20&quot;,&quot;step_next_label&quot;:&quot;Next&quot;,&quot;step_previous_label&quot;:&quot;Previous&quot;,&quot;step_type&quot;:&quot;number_text&quot;,&quot;step_icon_shape&quot;:&quot;circle&quot;}\" data-widget_type=\"form.default\">\n\t\t\t\t\t\t\t<form class=\"elementor-form\" method=\"post\" name=\"New Form\" aria-label=\"New Form\">\n\t\t\t<input type=\"hidden\" name=\"post_id\" value=\"118\"\/>\n\t\t\t<input type=\"hidden\" name=\"form_id\" value=\"2bc4c36a\"\/>\n\t\t\t<input type=\"hidden\" name=\"referer_title\" value=\"\" \/>\n\n\t\t\t\t\t\t\t<input type=\"hidden\" name=\"queried_id\" value=\"118\"\/>\n\t\t\t\n\t\t\t<div class=\"elementor-form-fields-wrapper elementor-labels-above\">\n\t\t\t\t\t\t\t\t<div class=\"elementor-field-type-email elementor-field-group elementor-column elementor-field-group-email elementor-col-80 elementor-field-required\">\n\t\t\t\t\t\t\t\t\t\t\t\t\t<input size=\"1\" type=\"email\" name=\"form_fields[email]\" id=\"form-field-email\" class=\"elementor-field elementor-size-sm  elementor-field-textual\" placeholder=\"Email\" required=\"required\">\n\t\t\t\t\t\t\t\t\t\t\t<\/div>\n\t\t\t\t\t\t\t\t<div class=\"elementor-field-group elementor-column elementor-field-type-submit elementor-col-20 e-form__buttons\">\n\t\t\t\t\t<button class=\"elementor-button elementor-size-sm\" type=\"submit\">\n\t\t\t\t\t\t<span class=\"elementor-button-content-wrapper\">\n\t\t\t\t\t\t\t\t\t\t\t\t\t\t\t\t\t\t\t\t\t\t<span class=\"elementor-button-text\">ENVOYER<\/span>\n\t\t\t\t\t\t\t\t\t\t\t\t\t<\/span>\n\t\t\t\t\t<\/button>\n\t\t\t\t<\/div>\n\t\t\t<\/div>\n\t\t<\/form>\n\t\t\t\t\t\t<\/div>\n\t\t\t\t<div class=\"elementor-element elementor-element-7fea81d9 elementor-widget elementor-widget-spacer\" data-id=\"7fea81d9\" data-element_type=\"widget\" data-widget_type=\"spacer.default\">\n\t\t\t\t\t\t\t<div class=\"elementor-spacer\">\n\t\t\t<div class=\"elementor-spacer-inner\"><\/div>\n\t\t<\/div>\n\t\t\t\t\t\t<\/div>\n\t\t\t\t<div class=\"elementor-element elementor-element-6a02a5a4 elementor-align-center ui-e-icon-right elementor-tablet-align-center ui-e-icon-left ui-e-left elementor-widget elementor-widget-uicore-icon-list\" data-id=\"6a02a5a4\" data-element_type=\"widget\" data-widget_type=\"uicore-icon-list.default\">\n\t\t\t\t\t        <ul>\n                            <li >\n\n                    <div class=\"ui-e-wrap\">\n                    \n                                            <div class=\"ui-e-img\">\n                            <img decoding=\"async\" width=\"300\" height=\"300\" src=\"https:\/\/talent-business-school.fr\/wp-content\/uploads\/2025\/09\/instz-4-1-300x300.png\" class=\"attachment-medium size-medium\" alt=\"\" \/>                        <\/div>\n                    \n                    <div class=\"ui-e-content\">\n                        <span class=\"ui-e-title\">\n                                                    <\/span>\n                        <p class=\"ui-e-text\">  <\/p>\n                    <\/div>\n\n                    \n                    <\/div>\n                <\/li>\n                            <li >\n\n                    <div class=\"ui-e-wrap\">\n                    \n                                            <div class=\"ui-e-img\">\n                            <img decoding=\"async\" width=\"300\" height=\"300\" src=\"https:\/\/talent-business-school.fr\/wp-content\/uploads\/2025\/09\/TT-4-300x300.png\" class=\"attachment-medium size-medium\" alt=\"\" \/>                        <\/div>\n                    \n                    <div class=\"ui-e-content\">\n                        <span class=\"ui-e-title\">\n                                                    <\/span>\n                        <p class=\"ui-e-text\">  <\/p>\n                    <\/div>\n\n                    \n                    <\/div>\n                <\/li>\n                            <li >\n\n                    <div class=\"ui-e-wrap\">\n                    \n                                            <div class=\"ui-e-img\">\n                            <img loading=\"lazy\" decoding=\"async\" width=\"300\" height=\"300\" src=\"https:\/\/talent-business-school.fr\/wp-content\/uploads\/2025\/09\/Sans-titre-1-17-300x300.webp\" class=\"attachment-medium size-medium\" alt=\"\" \/>                        <\/div>\n                    \n                    <div class=\"ui-e-content\">\n                        <span class=\"ui-e-title\">\n                                                    <\/span>\n                        <p class=\"ui-e-text\">  <\/p>\n                    <\/div>\n\n                    \n                    <\/div>\n                <\/li>\n                            <li >\n\n                    <div class=\"ui-e-wrap\">\n                    \n                                            <div class=\"ui-e-img\">\n                            <img loading=\"lazy\" decoding=\"async\" width=\"300\" height=\"262\" src=\"https:\/\/talent-business-school.fr\/wp-content\/uploads\/2025\/09\/FACE-4-300x262.webp\" class=\"attachment-medium size-medium\" alt=\"\" \/>                        <\/div>\n                    \n                    <div class=\"ui-e-content\">\n                        <span class=\"ui-e-title\">\n                                                    <\/span>\n                        <p class=\"ui-e-text\">  <\/p>\n                    <\/div>\n\n                    \n                    <\/div>\n                <\/li>\n                            <li >\n\n                    <div class=\"ui-e-wrap\">\n                    \n                                            <div class=\"ui-e-img\">\n                            <img loading=\"lazy\" decoding=\"async\" width=\"300\" height=\"300\" src=\"https:\/\/talent-business-school.fr\/wp-content\/uploads\/2025\/09\/YT-4-300x300.webp\" class=\"attachment-medium size-medium\" alt=\"\" \/>                        <\/div>\n                    \n                    <div class=\"ui-e-content\">\n                        <span class=\"ui-e-title\">\n                                                    <\/span>\n                        <p class=\"ui-e-text\">  <\/p>\n                    <\/div>\n\n                    \n                    <\/div>\n                <\/li>\n                            <li >\n\n                    <div class=\"ui-e-wrap\">\n                    \n                                            <div class=\"ui-e-img\">\n                            <img loading=\"lazy\" decoding=\"async\" width=\"300\" height=\"300\" src=\"https:\/\/talent-business-school.fr\/wp-content\/uploads\/2025\/09\/whatsapp-logo-png-white-1759153411-2-300x300.webp\" class=\"attachment-medium size-medium\" alt=\"\" \/>                        <\/div>\n                    \n                    <div class=\"ui-e-content\">\n                        <span class=\"ui-e-title\">\n                                                    <\/span>\n                        <p class=\"ui-e-text\">  <\/p>\n                    <\/div>\n\n                    \n                    <\/div>\n                <\/li>\n                    <\/ul>\n\t\t\t\t<\/div>\n\t\t\t\t<\/div>\n\t\t\t\t<\/div>\n\t\t","protected":false},"excerpt":{"rendered":"<p>Notre site arrive bient\u00f4t ! Soyez les premiers inform\u00e9s du lancement !Laissez-nous votre email et nous vous pr\u00e9viendrons d\u00e8s la mise en ligne.<\/p>\n","protected":false},"author":1,"featured_media":0,"parent":0,"menu_order":0,"comment_status":"closed","ping_status":"closed","template":"elementor_canvas","meta":{"footnotes":""},"class_list":["post-118","page","type-page","status-publish","hentry"],"_links":{"self":[{"href":"https:\/\/talent-business-school.fr\/index.php\/wp-json\/wp\/v2\/pages\/118","targetHints":{"allow":["GET"]}}],"collection":[{"href":"https:\/\/talent-business-school.fr\/index.php\/wp-json\/wp\/v2\/pages"}],"about":[{"href":"https:\/\/talent-business-school.fr\/index.php\/wp-json\/wp\/v2\/types\/page"}],"author":[{"embeddable":true,"href":"https:\/\/talent-business-school.fr\/index.php\/wp-json\/wp\/v2\/users\/1"}],"replies":[{"embeddable":true,"href":"https:\/\/talent-business-school.fr\/index.php\/wp-json\/wp\/v2\/comments?post=118"}],"version-history":[{"count":4,"href":"https:\/\/talent-business-school.fr\/index.php\/wp-json\/wp\/v2\/pages\/118\/revisions"}],"predecessor-version":[{"id":122,"href":"https:\/\/talent-business-school.fr\/index.php\/wp-json\/wp\/v2\/pages\/118\/revisions\/122"}],"wp:attachment":[{"href":"https:\/\/talent-business-school.fr\/index.php\/wp-json\/wp\/v2\/media?parent=118"}],"curies":[{"name":"wp","href":"https:\/\/api.w.org\/{rel}","templated":true}]}}